{"id":998,"date":"2024-12-16T10:41:51","date_gmt":"2024-12-16T09:41:51","guid":{"rendered":"https:\/\/www.davypara.com\/?post_type=product&#038;p=998"},"modified":"2024-12-20T15:56:00","modified_gmt":"2024-12-20T14:56:00","slug":"saut-dinitiation-pac","status":"publish","type":"product","link":"https:\/\/www.davypara.com\/en\/product\/saut-dinitiation-pac\/","title":{"rendered":"Pac initiation jump"},"content":{"rendered":"<p>Le\u00a0<span style=\"color: #000080;\"><a style=\"color: #000080;\" href=\"https:\/\/www.davypara.com\/en\/saut-dinitiation-pac\/\">initiation jump<\/a><\/span>\u00a0corresponds to the first jump in the Pac course.<\/p>\n<p>It allows you to discover freefall in a much more active and autonomous way.<\/p>\n<p>You follow a day's training. Then you're off for a 15-minute ascent to 4000m. You will be accompanied by 2 instructors in the water, who will ensure your safety and communicate with you until your parachute opens. You then steer your canopy yourself until you land (with radio assistance).<\/p>\n<p>Vous pourrez d\u00e9cider de continuer sur le stage pac \u00e0 l&rsquo;issue de ce saut.<\/p>\n<p>Your jump is filmed and a video montage will be sent to you.<\/p>","protected":false},"excerpt":{"rendered":"<p>Le\u00a0saut d\u2019initiation\u00a0correspond au premier saut du stage Pac. Il vous permet de d\u00e9couvrir la chute libre en \u00e9tant beaucoup plus actif et autonome. Vous suivez une journ\u00e9e de formation. Puis, vous partez pour 15 mn de mont\u00e9e d\u2019avion \u00e0 4000 m. Vous \u00eates accompagn\u00e9 par 2 moniteurs en chute, qui assurent votre s\u00e9curit\u00e9 et communiquent [&hellip;]<\/p>\n","protected":false},"featured_media":400,"template":"","meta":[],"product_brand":[],"product_cat":[24],"product_tag":[],"class_list":{"0":"post-998","1":"product","2":"type-product","3":"status-publish","4":"has-post-thumbnail","6":"product_cat-pac","8":"first","9":"instock","10":"downloadable","11":"virtual","12":"taxable","13":"purchasable","14":"product-type-simple"},"yoast_head":"<!-- This site is optimized with the Yoast SEO plugin v27.5 - https:\/\/yoast.com\/product\/yoast-seo-wordpress\/ -->\n<title>Saut d&#039;initiation Pac - Davy Parachutisme<\/title>\n<meta name=\"robots\" content=\"index, follow, max-snippet:-1, max-image-preview:large, max-video-preview:-1\" \/>\n<link rel=\"canonical\" href=\"https:\/\/www.davypara.com\/en\/product\/saut-dinitiation-pac\/\" \/>\n<meta property=\"og:locale\" content=\"en_GB\" \/>\n<meta property=\"og:type\" content=\"article\" \/>\n<meta property=\"og:title\" content=\"Saut d&#039;initiation Pac - Davy Parachutisme\" \/>\n<meta property=\"og:description\" content=\"Le\u00a0saut d\u2019initiation\u00a0correspond au premier saut du stage Pac. Il vous permet de d\u00e9couvrir la chute libre en \u00e9tant beaucoup plus actif et autonome. Vous suivez une journ\u00e9e de formation. Puis, vous partez pour 15 mn de mont\u00e9e d\u2019avion \u00e0 4000 m. Vous \u00eates accompagn\u00e9 par 2 moniteurs en chute, qui assurent votre s\u00e9curit\u00e9 et communiquent [&hellip;]\" \/>\n<meta property=\"og:url\" content=\"https:\/\/www.davypara.com\/en\/product\/saut-dinitiation-pac\/\" \/>\n<meta property=\"og:site_name\" content=\"Davy Parachutisme\" \/>\n<meta property=\"article:modified_time\" content=\"2024-12-20T14:56:00+00:00\" \/>\n<meta property=\"og:image\" content=\"https:\/\/www.davypara.com\/wp-content\/uploads\/2024\/12\/damien.jpg\" \/>\n\t<meta property=\"og:image:width\" content=\"1280\" \/>\n\t<meta property=\"og:image:height\" content=\"720\" \/>\n\t<meta property=\"og:image:type\" content=\"image\/jpeg\" \/>\n<meta name=\"twitter:card\" content=\"summary_large_image\" \/>\n<meta name=\"twitter:label1\" content=\"Estimated reading time\" \/>\n\t<meta name=\"twitter:data1\" content=\"1 minute\" \/>\n<script type=\"application\/ld+json\" class=\"yoast-schema-graph\">{\"@context\":\"https:\\\/\\\/schema.org\",\"@graph\":[{\"@type\":\"WebPage\",\"@id\":\"https:\\\/\\\/www.davypara.com\\\/produit\\\/saut-dinitiation-pac\\\/\",\"url\":\"https:\\\/\\\/www.davypara.com\\\/produit\\\/saut-dinitiation-pac\\\/\",\"name\":\"Saut d'initiation Pac - Davy Parachutisme\",\"isPartOf\":{\"@id\":\"https:\\\/\\\/www.davypara.com\\\/#website\"},\"primaryImageOfPage\":{\"@id\":\"https:\\\/\\\/www.davypara.com\\\/produit\\\/saut-dinitiation-pac\\\/#primaryimage\"},\"image\":{\"@id\":\"https:\\\/\\\/www.davypara.com\\\/produit\\\/saut-dinitiation-pac\\\/#primaryimage\"},\"thumbnailUrl\":\"https:\\\/\\\/www.davypara.com\\\/wp-content\\\/uploads\\\/2024\\\/12\\\/damien.jpg\",\"datePublished\":\"2024-12-16T09:41:51+00:00\",\"dateModified\":\"2024-12-20T14:56:00+00:00\",\"breadcrumb\":{\"@id\":\"https:\\\/\\\/www.davypara.com\\\/produit\\\/saut-dinitiation-pac\\\/#breadcrumb\"},\"inLanguage\":\"en-GB\",\"potentialAction\":[{\"@type\":\"ReadAction\",\"target\":[\"https:\\\/\\\/www.davypara.com\\\/produit\\\/saut-dinitiation-pac\\\/\"]}]},{\"@type\":\"ImageObject\",\"inLanguage\":\"en-GB\",\"@id\":\"https:\\\/\\\/www.davypara.com\\\/produit\\\/saut-dinitiation-pac\\\/#primaryimage\",\"url\":\"https:\\\/\\\/www.davypara.com\\\/wp-content\\\/uploads\\\/2024\\\/12\\\/damien.jpg\",\"contentUrl\":\"https:\\\/\\\/www.davypara.com\\\/wp-content\\\/uploads\\\/2024\\\/12\\\/damien.jpg\",\"width\":1280,\"height\":720,\"caption\":\"1ER SAUT PAC DAMIEN\"},{\"@type\":\"BreadcrumbList\",\"@id\":\"https:\\\/\\\/www.davypara.com\\\/produit\\\/saut-dinitiation-pac\\\/#breadcrumb\",\"itemListElement\":[{\"@type\":\"ListItem\",\"position\":1,\"name\":\"Accueil\",\"item\":\"https:\\\/\\\/www.davypara.com\\\/\"},{\"@type\":\"ListItem\",\"position\":2,\"name\":\"Produits\",\"item\":\"https:\\\/\\\/www.davypara.com\\\/boutique\\\/\"},{\"@type\":\"ListItem\",\"position\":3,\"name\":\"Saut d&rsquo;initiation Pac\"}]},{\"@type\":\"WebSite\",\"@id\":\"https:\\\/\\\/www.davypara.com\\\/#website\",\"url\":\"https:\\\/\\\/www.davypara.com\\\/\",\"name\":\"Davy Parachutisme\",\"description\":\"\u00c9cole de Parachutisme\",\"publisher\":{\"@id\":\"https:\\\/\\\/www.davypara.com\\\/#organization\"},\"potentialAction\":[{\"@type\":\"SearchAction\",\"target\":{\"@type\":\"EntryPoint\",\"urlTemplate\":\"https:\\\/\\\/www.davypara.com\\\/?s={search_term_string}\"},\"query-input\":{\"@type\":\"PropertyValueSpecification\",\"valueRequired\":true,\"valueName\":\"search_term_string\"}}],\"inLanguage\":\"en-GB\"},{\"@type\":\"Organization\",\"@id\":\"https:\\\/\\\/www.davypara.com\\\/#organization\",\"name\":\"Davy Parachutisme\",\"url\":\"https:\\\/\\\/www.davypara.com\\\/\",\"logo\":{\"@type\":\"ImageObject\",\"inLanguage\":\"en-GB\",\"@id\":\"https:\\\/\\\/www.davypara.com\\\/#\\\/schema\\\/logo\\\/image\\\/\",\"url\":\"https:\\\/\\\/www.davypara.com\\\/wp-content\\\/uploads\\\/2024\\\/11\\\/logo-orange.jpg\",\"contentUrl\":\"https:\\\/\\\/www.davypara.com\\\/wp-content\\\/uploads\\\/2024\\\/11\\\/logo-orange.jpg\",\"width\":600,\"height\":617,\"caption\":\"Davy Parachutisme\"},\"image\":{\"@id\":\"https:\\\/\\\/www.davypara.com\\\/#\\\/schema\\\/logo\\\/image\\\/\"}}]}<\/script>\n<!-- \/ Yoast SEO plugin. -->","yoast_head_json":{"title":"Saut d'initiation Pac - Davy Parachutisme","robots":{"index":"index","follow":"follow","max-snippet":"max-snippet:-1","max-image-preview":"max-image-preview:large","max-video-preview":"max-video-preview:-1"},"canonical":"https:\/\/www.davypara.com\/en\/product\/saut-dinitiation-pac\/","og_locale":"en_GB","og_type":"article","og_title":"Saut d'initiation Pac - Davy Parachutisme","og_description":"Le\u00a0saut d\u2019initiation\u00a0correspond au premier saut du stage Pac. Il vous permet de d\u00e9couvrir la chute libre en \u00e9tant beaucoup plus actif et autonome. Vous suivez une journ\u00e9e de formation. Puis, vous partez pour 15 mn de mont\u00e9e d\u2019avion \u00e0 4000 m. Vous \u00eates accompagn\u00e9 par 2 moniteurs en chute, qui assurent votre s\u00e9curit\u00e9 et communiquent [&hellip;]","og_url":"https:\/\/www.davypara.com\/en\/product\/saut-dinitiation-pac\/","og_site_name":"Davy Parachutisme","article_modified_time":"2024-12-20T14:56:00+00:00","og_image":[{"width":1280,"height":720,"url":"https:\/\/www.davypara.com\/wp-content\/uploads\/2024\/12\/damien.jpg","type":"image\/jpeg"}],"twitter_card":"summary_large_image","twitter_misc":{"Estimated reading time":"1 minute"},"schema":{"@context":"https:\/\/schema.org","@graph":[{"@type":"WebPage","@id":"https:\/\/www.davypara.com\/produit\/saut-dinitiation-pac\/","url":"https:\/\/www.davypara.com\/produit\/saut-dinitiation-pac\/","name":"Saut d'initiation Pac - Davy Parachutisme","isPartOf":{"@id":"https:\/\/www.davypara.com\/#website"},"primaryImageOfPage":{"@id":"https:\/\/www.davypara.com\/produit\/saut-dinitiation-pac\/#primaryimage"},"image":{"@id":"https:\/\/www.davypara.com\/produit\/saut-dinitiation-pac\/#primaryimage"},"thumbnailUrl":"https:\/\/www.davypara.com\/wp-content\/uploads\/2024\/12\/damien.jpg","datePublished":"2024-12-16T09:41:51+00:00","dateModified":"2024-12-20T14:56:00+00:00","breadcrumb":{"@id":"https:\/\/www.davypara.com\/produit\/saut-dinitiation-pac\/#breadcrumb"},"inLanguage":"en-GB","potentialAction":[{"@type":"ReadAction","target":["https:\/\/www.davypara.com\/produit\/saut-dinitiation-pac\/"]}]},{"@type":"ImageObject","inLanguage":"en-GB","@id":"https:\/\/www.davypara.com\/produit\/saut-dinitiation-pac\/#primaryimage","url":"https:\/\/www.davypara.com\/wp-content\/uploads\/2024\/12\/damien.jpg","contentUrl":"https:\/\/www.davypara.com\/wp-content\/uploads\/2024\/12\/damien.jpg","width":1280,"height":720,"caption":"1ER SAUT PAC DAMIEN"},{"@type":"BreadcrumbList","@id":"https:\/\/www.davypara.com\/produit\/saut-dinitiation-pac\/#breadcrumb","itemListElement":[{"@type":"ListItem","position":1,"name":"Accueil","item":"https:\/\/www.davypara.com\/"},{"@type":"ListItem","position":2,"name":"Produits","item":"https:\/\/www.davypara.com\/boutique\/"},{"@type":"ListItem","position":3,"name":"Saut d&rsquo;initiation Pac"}]},{"@type":"WebSite","@id":"https:\/\/www.davypara.com\/#website","url":"https:\/\/www.davypara.com\/","name":"Davy Parachutisme","description":"\u00c9cole de Parachutisme","publisher":{"@id":"https:\/\/www.davypara.com\/#organization"},"potentialAction":[{"@type":"SearchAction","target":{"@type":"EntryPoint","urlTemplate":"https:\/\/www.davypara.com\/?s={search_term_string}"},"query-input":{"@type":"PropertyValueSpecification","valueRequired":true,"valueName":"search_term_string"}}],"inLanguage":"en-GB"},{"@type":"Organization","@id":"https:\/\/www.davypara.com\/#organization","name":"Davy Parachutisme","url":"https:\/\/www.davypara.com\/","logo":{"@type":"ImageObject","inLanguage":"en-GB","@id":"https:\/\/www.davypara.com\/#\/schema\/logo\/image\/","url":"https:\/\/www.davypara.com\/wp-content\/uploads\/2024\/11\/logo-orange.jpg","contentUrl":"https:\/\/www.davypara.com\/wp-content\/uploads\/2024\/11\/logo-orange.jpg","width":600,"height":617,"caption":"Davy Parachutisme"},"image":{"@id":"https:\/\/www.davypara.com\/#\/schema\/logo\/image\/"}}]}},"jetpack_sharing_enabled":true,"_links":{"self":[{"href":"https:\/\/www.davypara.com\/en\/wp-json\/wp\/v2\/product\/998","targetHints":{"allow":["GET"]}}],"collection":[{"href":"https:\/\/www.davypara.com\/en\/wp-json\/wp\/v2\/product"}],"about":[{"href":"https:\/\/www.davypara.com\/en\/wp-json\/wp\/v2\/types\/product"}],"wp:featuredmedia":[{"embeddable":true,"href":"https:\/\/www.davypara.com\/en\/wp-json\/wp\/v2\/media\/400"}],"wp:attachment":[{"href":"https:\/\/www.davypara.com\/en\/wp-json\/wp\/v2\/media?parent=998"}],"wp:term":[{"taxonomy":"product_brand","embeddable":true,"href":"https:\/\/www.davypara.com\/en\/wp-json\/wp\/v2\/product_brand?post=998"},{"taxonomy":"product_cat","embeddable":true,"href":"https:\/\/www.davypara.com\/en\/wp-json\/wp\/v2\/product_cat?post=998"},{"taxonomy":"product_tag","embeddable":true,"href":"https:\/\/www.davypara.com\/en\/wp-json\/wp\/v2\/product_tag?post=998"}],"curies":[{"name":"wp","href":"https:\/\/api.w.org\/{rel}","templated":true}]}}