{"id":1004,"date":"2024-12-16T11:00:13","date_gmt":"2024-12-16T10:00:13","guid":{"rendered":"https:\/\/www.davypara.com\/?post_type=product&#038;p=1004"},"modified":"2026-02-28T14:35:58","modified_gmt":"2026-02-28T13:35:58","slug":"stage-pac-7-sauts","status":"publish","type":"product","link":"https:\/\/www.davypara.com\/en\/product\/stage-pac-7-sauts\/","title":{"rendered":"Acompte Stage pac 7 sauts"},"content":{"rendered":"<h2><\/h2>\n<p>Le<a href=\"https:\/\/www.davypara.com\/en\/stage-pac\/\">\u00a0<span style=\"color: #000080;\">P.A.C. course 7 jumps<\/span><\/a> (Progression Accompagn\u00e9e en Chute), encadr\u00e9 par des moniteurs Brevets d\u2019Etat, permet d\u2019enseigner les techniques de base de la chute libre et de la navigation sous voile \u00e0 un \u00e9l\u00e8ve d\u00e9butant, gr\u00e2ce \u00e0 6 sauts accompagn\u00e9s minimum et 1 saut solo \u00e0 4000 m\u00e8tres d\u2019altitude.<\/p>\n<p>Le but du stage est de parvenir rapidement \u00e0 l&rsquo;autonomie et de pr\u00e9parer le Brevet A (12 sauts minimum).<\/p>\n<p>Prix du stage 7 sauts : 1250 \u20ac sur Pau ou de 1300 \u20ac sur Mimizan (hors licence-assurance : de 72 \u00e0 175 \u20ac). pour atteindre le brevet A, il faudra ajouter 5 sauts suppl\u00e9mentaires. Le dernier saut est film\u00e9 par un moniteur pour la validation du brevet.<\/p>\n<p>Le montant de<strong> 300<\/strong> \u20ac correspond \u00e0 l\u2019acompte de de r\u00e9servation<\/p>","protected":false},"excerpt":{"rendered":"<p>Le\u00a0stage P.A.C. 7 sauts (Progression Accompagn\u00e9e en Chute), encadr\u00e9 par des moniteurs Brevets d\u2019Etat, permet d\u2019enseigner les techniques de base de la chute libre et de la navigation sous voile \u00e0 un \u00e9l\u00e8ve d\u00e9butant, gr\u00e2ce \u00e0 6 sauts accompagn\u00e9s minimum et 1 saut solo \u00e0 4000 m\u00e8tres d\u2019altitude. Le but du stage est de parvenir [&hellip;]<\/p>\n","protected":false},"featured_media":495,"template":"","meta":[],"product_brand":[],"product_cat":[24],"product_tag":[],"class_list":{"0":"post-1004","1":"product","2":"type-product","3":"status-publish","4":"has-post-thumbnail","6":"product_cat-pac","8":"first","9":"instock","10":"taxable","11":"shipping-taxable","12":"purchasable","13":"product-type-simple"},"yoast_head":"<!-- This site is optimized with the Yoast SEO plugin v27.5 - https:\/\/yoast.com\/product\/yoast-seo-wordpress\/ -->\n<title>Acompte Stage pac 7 sauts - Davy Parachutisme<\/title>\n<meta name=\"robots\" content=\"index, follow, max-snippet:-1, max-image-preview:large, max-video-preview:-1\" \/>\n<link rel=\"canonical\" href=\"https:\/\/www.davypara.com\/en\/product\/stage-pac-7-sauts\/\" \/>\n<meta property=\"og:locale\" content=\"en_GB\" \/>\n<meta property=\"og:type\" content=\"article\" \/>\n<meta property=\"og:title\" content=\"Acompte Stage pac 7 sauts - Davy Parachutisme\" \/>\n<meta property=\"og:description\" content=\"Le\u00a0stage P.A.C. 7 sauts (Progression Accompagn\u00e9e en Chute), encadr\u00e9 par des moniteurs Brevets d\u2019Etat, permet d\u2019enseigner les techniques de base de la chute libre et de la navigation sous voile \u00e0 un \u00e9l\u00e8ve d\u00e9butant, gr\u00e2ce \u00e0 6 sauts accompagn\u00e9s minimum et 1 saut solo \u00e0 4000 m\u00e8tres d\u2019altitude. Le but du stage est de parvenir [&hellip;]\" \/>\n<meta property=\"og:url\" content=\"https:\/\/www.davypara.com\/en\/product\/stage-pac-7-sauts\/\" \/>\n<meta property=\"og:site_name\" content=\"Davy Parachutisme\" \/>\n<meta property=\"article:modified_time\" content=\"2026-02-28T13:35:58+00:00\" \/>\n<meta property=\"og:image\" content=\"https:\/\/www.davypara.com\/wp-content\/uploads\/2024\/12\/maxime-5.jpg\" \/>\n\t<meta property=\"og:image:width\" content=\"1920\" \/>\n\t<meta property=\"og:image:height\" content=\"1080\" \/>\n\t<meta property=\"og:image:type\" content=\"image\/jpeg\" \/>\n<meta name=\"twitter:card\" content=\"summary_large_image\" \/>\n<meta name=\"twitter:label1\" content=\"Estimated reading time\" \/>\n\t<meta name=\"twitter:data1\" content=\"1 minute\" \/>\n<script type=\"application\/ld+json\" class=\"yoast-schema-graph\">{\"@context\":\"https:\\\/\\\/schema.org\",\"@graph\":[{\"@type\":\"WebPage\",\"@id\":\"https:\\\/\\\/www.davypara.com\\\/produit\\\/stage-pac-7-sauts\\\/\",\"url\":\"https:\\\/\\\/www.davypara.com\\\/produit\\\/stage-pac-7-sauts\\\/\",\"name\":\"Acompte Stage pac 7 sauts - Davy Parachutisme\",\"isPartOf\":{\"@id\":\"https:\\\/\\\/www.davypara.com\\\/#website\"},\"primaryImageOfPage\":{\"@id\":\"https:\\\/\\\/www.davypara.com\\\/produit\\\/stage-pac-7-sauts\\\/#primaryimage\"},\"image\":{\"@id\":\"https:\\\/\\\/www.davypara.com\\\/produit\\\/stage-pac-7-sauts\\\/#primaryimage\"},\"thumbnailUrl\":\"https:\\\/\\\/www.davypara.com\\\/wp-content\\\/uploads\\\/2024\\\/12\\\/maxime-5.jpg\",\"datePublished\":\"2024-12-16T10:00:13+00:00\",\"dateModified\":\"2026-02-28T13:35:58+00:00\",\"breadcrumb\":{\"@id\":\"https:\\\/\\\/www.davypara.com\\\/produit\\\/stage-pac-7-sauts\\\/#breadcrumb\"},\"inLanguage\":\"en-GB\",\"potentialAction\":[{\"@type\":\"ReadAction\",\"target\":[\"https:\\\/\\\/www.davypara.com\\\/produit\\\/stage-pac-7-sauts\\\/\"]}]},{\"@type\":\"ImageObject\",\"inLanguage\":\"en-GB\",\"@id\":\"https:\\\/\\\/www.davypara.com\\\/produit\\\/stage-pac-7-sauts\\\/#primaryimage\",\"url\":\"https:\\\/\\\/www.davypara.com\\\/wp-content\\\/uploads\\\/2024\\\/12\\\/maxime-5.jpg\",\"contentUrl\":\"https:\\\/\\\/www.davypara.com\\\/wp-content\\\/uploads\\\/2024\\\/12\\\/maxime-5.jpg\",\"width\":1920,\"height\":1080},{\"@type\":\"BreadcrumbList\",\"@id\":\"https:\\\/\\\/www.davypara.com\\\/produit\\\/stage-pac-7-sauts\\\/#breadcrumb\",\"itemListElement\":[{\"@type\":\"ListItem\",\"position\":1,\"name\":\"Accueil\",\"item\":\"https:\\\/\\\/www.davypara.com\\\/\"},{\"@type\":\"ListItem\",\"position\":2,\"name\":\"Produits\",\"item\":\"https:\\\/\\\/www.davypara.com\\\/boutique\\\/\"},{\"@type\":\"ListItem\",\"position\":3,\"name\":\"Acompte Stage pac 7 sauts\"}]},{\"@type\":\"WebSite\",\"@id\":\"https:\\\/\\\/www.davypara.com\\\/#website\",\"url\":\"https:\\\/\\\/www.davypara.com\\\/\",\"name\":\"Davy Parachutisme\",\"description\":\"\u00c9cole de Parachutisme\",\"publisher\":{\"@id\":\"https:\\\/\\\/www.davypara.com\\\/#organization\"},\"potentialAction\":[{\"@type\":\"SearchAction\",\"target\":{\"@type\":\"EntryPoint\",\"urlTemplate\":\"https:\\\/\\\/www.davypara.com\\\/?s={search_term_string}\"},\"query-input\":{\"@type\":\"PropertyValueSpecification\",\"valueRequired\":true,\"valueName\":\"search_term_string\"}}],\"inLanguage\":\"en-GB\"},{\"@type\":\"Organization\",\"@id\":\"https:\\\/\\\/www.davypara.com\\\/#organization\",\"name\":\"Davy Parachutisme\",\"url\":\"https:\\\/\\\/www.davypara.com\\\/\",\"logo\":{\"@type\":\"ImageObject\",\"inLanguage\":\"en-GB\",\"@id\":\"https:\\\/\\\/www.davypara.com\\\/#\\\/schema\\\/logo\\\/image\\\/\",\"url\":\"https:\\\/\\\/www.davypara.com\\\/wp-content\\\/uploads\\\/2024\\\/11\\\/logo-orange.jpg\",\"contentUrl\":\"https:\\\/\\\/www.davypara.com\\\/wp-content\\\/uploads\\\/2024\\\/11\\\/logo-orange.jpg\",\"width\":600,\"height\":617,\"caption\":\"Davy Parachutisme\"},\"image\":{\"@id\":\"https:\\\/\\\/www.davypara.com\\\/#\\\/schema\\\/logo\\\/image\\\/\"}}]}<\/script>\n<!-- \/ Yoast SEO plugin. -->","yoast_head_json":{"title":"Acompte Stage pac 7 sauts - Davy Parachutisme","robots":{"index":"index","follow":"follow","max-snippet":"max-snippet:-1","max-image-preview":"max-image-preview:large","max-video-preview":"max-video-preview:-1"},"canonical":"https:\/\/www.davypara.com\/en\/product\/stage-pac-7-sauts\/","og_locale":"en_GB","og_type":"article","og_title":"Acompte Stage pac 7 sauts - Davy Parachutisme","og_description":"Le\u00a0stage P.A.C. 7 sauts (Progression Accompagn\u00e9e en Chute), encadr\u00e9 par des moniteurs Brevets d\u2019Etat, permet d\u2019enseigner les techniques de base de la chute libre et de la navigation sous voile \u00e0 un \u00e9l\u00e8ve d\u00e9butant, gr\u00e2ce \u00e0 6 sauts accompagn\u00e9s minimum et 1 saut solo \u00e0 4000 m\u00e8tres d\u2019altitude. Le but du stage est de parvenir [&hellip;]","og_url":"https:\/\/www.davypara.com\/en\/product\/stage-pac-7-sauts\/","og_site_name":"Davy Parachutisme","article_modified_time":"2026-02-28T13:35:58+00:00","og_image":[{"width":1920,"height":1080,"url":"https:\/\/www.davypara.com\/wp-content\/uploads\/2024\/12\/maxime-5.jpg","type":"image\/jpeg"}],"twitter_card":"summary_large_image","twitter_misc":{"Estimated reading time":"1 minute"},"schema":{"@context":"https:\/\/schema.org","@graph":[{"@type":"WebPage","@id":"https:\/\/www.davypara.com\/produit\/stage-pac-7-sauts\/","url":"https:\/\/www.davypara.com\/produit\/stage-pac-7-sauts\/","name":"Acompte Stage pac 7 sauts - Davy Parachutisme","isPartOf":{"@id":"https:\/\/www.davypara.com\/#website"},"primaryImageOfPage":{"@id":"https:\/\/www.davypara.com\/produit\/stage-pac-7-sauts\/#primaryimage"},"image":{"@id":"https:\/\/www.davypara.com\/produit\/stage-pac-7-sauts\/#primaryimage"},"thumbnailUrl":"https:\/\/www.davypara.com\/wp-content\/uploads\/2024\/12\/maxime-5.jpg","datePublished":"2024-12-16T10:00:13+00:00","dateModified":"2026-02-28T13:35:58+00:00","breadcrumb":{"@id":"https:\/\/www.davypara.com\/produit\/stage-pac-7-sauts\/#breadcrumb"},"inLanguage":"en-GB","potentialAction":[{"@type":"ReadAction","target":["https:\/\/www.davypara.com\/produit\/stage-pac-7-sauts\/"]}]},{"@type":"ImageObject","inLanguage":"en-GB","@id":"https:\/\/www.davypara.com\/produit\/stage-pac-7-sauts\/#primaryimage","url":"https:\/\/www.davypara.com\/wp-content\/uploads\/2024\/12\/maxime-5.jpg","contentUrl":"https:\/\/www.davypara.com\/wp-content\/uploads\/2024\/12\/maxime-5.jpg","width":1920,"height":1080},{"@type":"BreadcrumbList","@id":"https:\/\/www.davypara.com\/produit\/stage-pac-7-sauts\/#breadcrumb","itemListElement":[{"@type":"ListItem","position":1,"name":"Accueil","item":"https:\/\/www.davypara.com\/"},{"@type":"ListItem","position":2,"name":"Produits","item":"https:\/\/www.davypara.com\/boutique\/"},{"@type":"ListItem","position":3,"name":"Acompte Stage pac 7 sauts"}]},{"@type":"WebSite","@id":"https:\/\/www.davypara.com\/#website","url":"https:\/\/www.davypara.com\/","name":"Davy Parachutisme","description":"\u00c9cole de Parachutisme","publisher":{"@id":"https:\/\/www.davypara.com\/#organization"},"potentialAction":[{"@type":"SearchAction","target":{"@type":"EntryPoint","urlTemplate":"https:\/\/www.davypara.com\/?s={search_term_string}"},"query-input":{"@type":"PropertyValueSpecification","valueRequired":true,"valueName":"search_term_string"}}],"inLanguage":"en-GB"},{"@type":"Organization","@id":"https:\/\/www.davypara.com\/#organization","name":"Davy Parachutisme","url":"https:\/\/www.davypara.com\/","logo":{"@type":"ImageObject","inLanguage":"en-GB","@id":"https:\/\/www.davypara.com\/#\/schema\/logo\/image\/","url":"https:\/\/www.davypara.com\/wp-content\/uploads\/2024\/11\/logo-orange.jpg","contentUrl":"https:\/\/www.davypara.com\/wp-content\/uploads\/2024\/11\/logo-orange.jpg","width":600,"height":617,"caption":"Davy Parachutisme"},"image":{"@id":"https:\/\/www.davypara.com\/#\/schema\/logo\/image\/"}}]}},"jetpack_sharing_enabled":true,"_links":{"self":[{"href":"https:\/\/www.davypara.com\/en\/wp-json\/wp\/v2\/product\/1004","targetHints":{"allow":["GET"]}}],"collection":[{"href":"https:\/\/www.davypara.com\/en\/wp-json\/wp\/v2\/product"}],"about":[{"href":"https:\/\/www.davypara.com\/en\/wp-json\/wp\/v2\/types\/product"}],"wp:featuredmedia":[{"embeddable":true,"href":"https:\/\/www.davypara.com\/en\/wp-json\/wp\/v2\/media\/495"}],"wp:attachment":[{"href":"https:\/\/www.davypara.com\/en\/wp-json\/wp\/v2\/media?parent=1004"}],"wp:term":[{"taxonomy":"product_brand","embeddable":true,"href":"https:\/\/www.davypara.com\/en\/wp-json\/wp\/v2\/product_brand?post=1004"},{"taxonomy":"product_cat","embeddable":true,"href":"https:\/\/www.davypara.com\/en\/wp-json\/wp\/v2\/product_cat?post=1004"},{"taxonomy":"product_tag","embeddable":true,"href":"https:\/\/www.davypara.com\/en\/wp-json\/wp\/v2\/product_tag?post=1004"}],"curies":[{"name":"wp","href":"https:\/\/api.w.org\/{rel}","templated":true}]}}