{"id":1003,"date":"2024-12-16T10:57:47","date_gmt":"2024-12-16T09:57:47","guid":{"rendered":"https:\/\/www.davypara.com\/?post_type=product&#038;p=1003"},"modified":"2026-01-14T18:35:46","modified_gmt":"2026-01-14T17:35:46","slug":"saut-en-tandem-avec-video-et-photos","status":"publish","type":"product","link":"https:\/\/www.davypara.com\/en\/product\/saut-en-tandem-avec-video-et-photos\/","title":{"rendered":"Tandem jump with video and photos"},"content":{"rendered":"<p>Le <span style=\"color: #000080;\"><a style=\"color: #000080;\" href=\"https:\/\/www.davypara.com\/en\/saut-en-tandem\/\">saut tandem<\/a><\/span> est r\u00e9alis\u00e9 en biplace avec un moniteur \u00e0 4000 m\u00e8tres d\u2019altitude. les sauts sont organis\u00e9s sur l\u2019a\u00e9rodrome de Lasclaveries (64), \u00e0 20 kms au nord de Pau ou \u00e0 certaines dates sur Mimizan (40).<\/p>\n<p>1 minute of freefall and 5 to 6 minutes under canopy before a soft landing!<\/p>\n<p>Pour immortaliser ces moments exceptionnels et surtout pour les partager avec ses amis et sa famille : vous serez film\u00e9 et photographi\u00e9 pendant la pr\u00e9paration du saut, la mont\u00e9e en avion, la chute libre et l&rsquo;atterrissage. Un montage vid\u00e9o et les photos vous seront envoy\u00e9s par mail ou remis par cl\u00e9 usb.<\/p>\n<p><strong>To offer a gift voucher, simply specify in the basket comments<\/strong> : les nom et pr\u00e9nom du b\u00e9n\u00e9ficiaire, les noms des participants au cadeau \u00a0et l\u2019adresse pour vous envoyer le bon par mail ou courrier. Nous vous enverrons le bon cadeau dans les 24 h suivant la r\u00e9ception de votre r\u00e8glement.<\/p>","protected":false},"excerpt":{"rendered":"<p>Le saut tandem est r\u00e9alis\u00e9 en biplace avec un moniteur \u00e0 4000 m\u00e8tres d\u2019altitude. les sauts sont organis\u00e9s sur l\u2019a\u00e9rodrome de Lasclaveries (64), \u00e0 20 kms au nord de Pau ou \u00e0 certaines dates sur Mimizan (40). 1 minute de chute libre et 5 \u00e0 6 minutes sous voile sont r\u00e9alis\u00e9s avant un atterrissage en [&hellip;]<\/p>\n","protected":false},"featured_media":214,"template":"","meta":[],"product_brand":[],"product_cat":[25],"product_tag":[],"class_list":{"0":"post-1003","1":"product","2":"type-product","3":"status-publish","4":"has-post-thumbnail","6":"product_cat-tandem","8":"first","9":"instock","10":"taxable","11":"shipping-taxable","12":"purchasable","13":"product-type-simple"},"yoast_head":"<!-- This site is optimized with the Yoast SEO plugin v27.5 - https:\/\/yoast.com\/product\/yoast-seo-wordpress\/ -->\n<title>Saut en tandem avec vid\u00e9o et photos - Davy Parachutisme<\/title>\n<meta name=\"robots\" content=\"index, follow, max-snippet:-1, max-image-preview:large, max-video-preview:-1\" \/>\n<link rel=\"canonical\" href=\"https:\/\/www.davypara.com\/en\/product\/saut-en-tandem-avec-video-et-photos\/\" \/>\n<meta property=\"og:locale\" content=\"en_GB\" \/>\n<meta property=\"og:type\" content=\"article\" \/>\n<meta property=\"og:title\" content=\"Saut en tandem avec vid\u00e9o et photos - Davy Parachutisme\" \/>\n<meta property=\"og:description\" content=\"Le saut tandem est r\u00e9alis\u00e9 en biplace avec un moniteur \u00e0 4000 m\u00e8tres d\u2019altitude. les sauts sont organis\u00e9s sur l\u2019a\u00e9rodrome de Lasclaveries (64), \u00e0 20 kms au nord de Pau ou \u00e0 certaines dates sur Mimizan (40). 1 minute de chute libre et 5 \u00e0 6 minutes sous voile sont r\u00e9alis\u00e9s avant un atterrissage en [&hellip;]\" \/>\n<meta property=\"og:url\" content=\"https:\/\/www.davypara.com\/en\/product\/saut-en-tandem-avec-video-et-photos\/\" \/>\n<meta property=\"og:site_name\" content=\"Davy Parachutisme\" \/>\n<meta property=\"article:modified_time\" content=\"2026-01-14T17:35:46+00:00\" \/>\n<meta property=\"og:image\" content=\"https:\/\/www.davypara.com\/wp-content\/uploads\/2024\/11\/florian-1.jpg\" \/>\n\t<meta property=\"og:image:width\" content=\"1920\" \/>\n\t<meta property=\"og:image:height\" content=\"1080\" \/>\n\t<meta property=\"og:image:type\" content=\"image\/jpeg\" \/>\n<meta name=\"twitter:card\" content=\"summary_large_image\" \/>\n<meta name=\"twitter:label1\" content=\"Estimated reading time\" \/>\n\t<meta name=\"twitter:data1\" content=\"2 minutes\" \/>\n<script type=\"application\/ld+json\" class=\"yoast-schema-graph\">{\"@context\":\"https:\\\/\\\/schema.org\",\"@graph\":[{\"@type\":\"WebPage\",\"@id\":\"https:\\\/\\\/www.davypara.com\\\/produit\\\/saut-en-tandem-avec-video-et-photos\\\/\",\"url\":\"https:\\\/\\\/www.davypara.com\\\/produit\\\/saut-en-tandem-avec-video-et-photos\\\/\",\"name\":\"Saut en tandem avec vid\u00e9o et photos - Davy Parachutisme\",\"isPartOf\":{\"@id\":\"https:\\\/\\\/www.davypara.com\\\/#website\"},\"primaryImageOfPage\":{\"@id\":\"https:\\\/\\\/www.davypara.com\\\/produit\\\/saut-en-tandem-avec-video-et-photos\\\/#primaryimage\"},\"image\":{\"@id\":\"https:\\\/\\\/www.davypara.com\\\/produit\\\/saut-en-tandem-avec-video-et-photos\\\/#primaryimage\"},\"thumbnailUrl\":\"https:\\\/\\\/www.davypara.com\\\/wp-content\\\/uploads\\\/2024\\\/11\\\/florian-1.jpg\",\"datePublished\":\"2024-12-16T09:57:47+00:00\",\"dateModified\":\"2026-01-14T17:35:46+00:00\",\"breadcrumb\":{\"@id\":\"https:\\\/\\\/www.davypara.com\\\/produit\\\/saut-en-tandem-avec-video-et-photos\\\/#breadcrumb\"},\"inLanguage\":\"en-GB\",\"potentialAction\":[{\"@type\":\"ReadAction\",\"target\":[\"https:\\\/\\\/www.davypara.com\\\/produit\\\/saut-en-tandem-avec-video-et-photos\\\/\"]}]},{\"@type\":\"ImageObject\",\"inLanguage\":\"en-GB\",\"@id\":\"https:\\\/\\\/www.davypara.com\\\/produit\\\/saut-en-tandem-avec-video-et-photos\\\/#primaryimage\",\"url\":\"https:\\\/\\\/www.davypara.com\\\/wp-content\\\/uploads\\\/2024\\\/11\\\/florian-1.jpg\",\"contentUrl\":\"https:\\\/\\\/www.davypara.com\\\/wp-content\\\/uploads\\\/2024\\\/11\\\/florian-1.jpg\",\"width\":1920,\"height\":1080},{\"@type\":\"BreadcrumbList\",\"@id\":\"https:\\\/\\\/www.davypara.com\\\/produit\\\/saut-en-tandem-avec-video-et-photos\\\/#breadcrumb\",\"itemListElement\":[{\"@type\":\"ListItem\",\"position\":1,\"name\":\"Accueil\",\"item\":\"https:\\\/\\\/www.davypara.com\\\/\"},{\"@type\":\"ListItem\",\"position\":2,\"name\":\"Produits\",\"item\":\"https:\\\/\\\/www.davypara.com\\\/boutique\\\/\"},{\"@type\":\"ListItem\",\"position\":3,\"name\":\"Saut en tandem avec vid\u00e9o et photos\"}]},{\"@type\":\"WebSite\",\"@id\":\"https:\\\/\\\/www.davypara.com\\\/#website\",\"url\":\"https:\\\/\\\/www.davypara.com\\\/\",\"name\":\"Davy Parachutisme\",\"description\":\"\u00c9cole de Parachutisme\",\"publisher\":{\"@id\":\"https:\\\/\\\/www.davypara.com\\\/#organization\"},\"potentialAction\":[{\"@type\":\"SearchAction\",\"target\":{\"@type\":\"EntryPoint\",\"urlTemplate\":\"https:\\\/\\\/www.davypara.com\\\/?s={search_term_string}\"},\"query-input\":{\"@type\":\"PropertyValueSpecification\",\"valueRequired\":true,\"valueName\":\"search_term_string\"}}],\"inLanguage\":\"en-GB\"},{\"@type\":\"Organization\",\"@id\":\"https:\\\/\\\/www.davypara.com\\\/#organization\",\"name\":\"Davy Parachutisme\",\"url\":\"https:\\\/\\\/www.davypara.com\\\/\",\"logo\":{\"@type\":\"ImageObject\",\"inLanguage\":\"en-GB\",\"@id\":\"https:\\\/\\\/www.davypara.com\\\/#\\\/schema\\\/logo\\\/image\\\/\",\"url\":\"https:\\\/\\\/www.davypara.com\\\/wp-content\\\/uploads\\\/2024\\\/11\\\/logo-orange.jpg\",\"contentUrl\":\"https:\\\/\\\/www.davypara.com\\\/wp-content\\\/uploads\\\/2024\\\/11\\\/logo-orange.jpg\",\"width\":600,\"height\":617,\"caption\":\"Davy Parachutisme\"},\"image\":{\"@id\":\"https:\\\/\\\/www.davypara.com\\\/#\\\/schema\\\/logo\\\/image\\\/\"}}]}<\/script>\n<!-- \/ Yoast SEO plugin. -->","yoast_head_json":{"title":"Saut en tandem avec vid\u00e9o et photos - Davy Parachutisme","robots":{"index":"index","follow":"follow","max-snippet":"max-snippet:-1","max-image-preview":"max-image-preview:large","max-video-preview":"max-video-preview:-1"},"canonical":"https:\/\/www.davypara.com\/en\/product\/saut-en-tandem-avec-video-et-photos\/","og_locale":"en_GB","og_type":"article","og_title":"Saut en tandem avec vid\u00e9o et photos - Davy Parachutisme","og_description":"Le saut tandem est r\u00e9alis\u00e9 en biplace avec un moniteur \u00e0 4000 m\u00e8tres d\u2019altitude. les sauts sont organis\u00e9s sur l\u2019a\u00e9rodrome de Lasclaveries (64), \u00e0 20 kms au nord de Pau ou \u00e0 certaines dates sur Mimizan (40). 1 minute de chute libre et 5 \u00e0 6 minutes sous voile sont r\u00e9alis\u00e9s avant un atterrissage en [&hellip;]","og_url":"https:\/\/www.davypara.com\/en\/product\/saut-en-tandem-avec-video-et-photos\/","og_site_name":"Davy Parachutisme","article_modified_time":"2026-01-14T17:35:46+00:00","og_image":[{"width":1920,"height":1080,"url":"https:\/\/www.davypara.com\/wp-content\/uploads\/2024\/11\/florian-1.jpg","type":"image\/jpeg"}],"twitter_card":"summary_large_image","twitter_misc":{"Estimated reading time":"2 minutes"},"schema":{"@context":"https:\/\/schema.org","@graph":[{"@type":"WebPage","@id":"https:\/\/www.davypara.com\/produit\/saut-en-tandem-avec-video-et-photos\/","url":"https:\/\/www.davypara.com\/produit\/saut-en-tandem-avec-video-et-photos\/","name":"Saut en tandem avec vid\u00e9o et photos - Davy Parachutisme","isPartOf":{"@id":"https:\/\/www.davypara.com\/#website"},"primaryImageOfPage":{"@id":"https:\/\/www.davypara.com\/produit\/saut-en-tandem-avec-video-et-photos\/#primaryimage"},"image":{"@id":"https:\/\/www.davypara.com\/produit\/saut-en-tandem-avec-video-et-photos\/#primaryimage"},"thumbnailUrl":"https:\/\/www.davypara.com\/wp-content\/uploads\/2024\/11\/florian-1.jpg","datePublished":"2024-12-16T09:57:47+00:00","dateModified":"2026-01-14T17:35:46+00:00","breadcrumb":{"@id":"https:\/\/www.davypara.com\/produit\/saut-en-tandem-avec-video-et-photos\/#breadcrumb"},"inLanguage":"en-GB","potentialAction":[{"@type":"ReadAction","target":["https:\/\/www.davypara.com\/produit\/saut-en-tandem-avec-video-et-photos\/"]}]},{"@type":"ImageObject","inLanguage":"en-GB","@id":"https:\/\/www.davypara.com\/produit\/saut-en-tandem-avec-video-et-photos\/#primaryimage","url":"https:\/\/www.davypara.com\/wp-content\/uploads\/2024\/11\/florian-1.jpg","contentUrl":"https:\/\/www.davypara.com\/wp-content\/uploads\/2024\/11\/florian-1.jpg","width":1920,"height":1080},{"@type":"BreadcrumbList","@id":"https:\/\/www.davypara.com\/produit\/saut-en-tandem-avec-video-et-photos\/#breadcrumb","itemListElement":[{"@type":"ListItem","position":1,"name":"Accueil","item":"https:\/\/www.davypara.com\/"},{"@type":"ListItem","position":2,"name":"Produits","item":"https:\/\/www.davypara.com\/boutique\/"},{"@type":"ListItem","position":3,"name":"Saut en tandem avec vid\u00e9o et photos"}]},{"@type":"WebSite","@id":"https:\/\/www.davypara.com\/#website","url":"https:\/\/www.davypara.com\/","name":"Davy Parachutisme","description":"\u00c9cole de Parachutisme","publisher":{"@id":"https:\/\/www.davypara.com\/#organization"},"potentialAction":[{"@type":"SearchAction","target":{"@type":"EntryPoint","urlTemplate":"https:\/\/www.davypara.com\/?s={search_term_string}"},"query-input":{"@type":"PropertyValueSpecification","valueRequired":true,"valueName":"search_term_string"}}],"inLanguage":"en-GB"},{"@type":"Organization","@id":"https:\/\/www.davypara.com\/#organization","name":"Davy Parachutisme","url":"https:\/\/www.davypara.com\/","logo":{"@type":"ImageObject","inLanguage":"en-GB","@id":"https:\/\/www.davypara.com\/#\/schema\/logo\/image\/","url":"https:\/\/www.davypara.com\/wp-content\/uploads\/2024\/11\/logo-orange.jpg","contentUrl":"https:\/\/www.davypara.com\/wp-content\/uploads\/2024\/11\/logo-orange.jpg","width":600,"height":617,"caption":"Davy Parachutisme"},"image":{"@id":"https:\/\/www.davypara.com\/#\/schema\/logo\/image\/"}}]}},"jetpack_sharing_enabled":true,"_links":{"self":[{"href":"https:\/\/www.davypara.com\/en\/wp-json\/wp\/v2\/product\/1003","targetHints":{"allow":["GET"]}}],"collection":[{"href":"https:\/\/www.davypara.com\/en\/wp-json\/wp\/v2\/product"}],"about":[{"href":"https:\/\/www.davypara.com\/en\/wp-json\/wp\/v2\/types\/product"}],"wp:featuredmedia":[{"embeddable":true,"href":"https:\/\/www.davypara.com\/en\/wp-json\/wp\/v2\/media\/214"}],"wp:attachment":[{"href":"https:\/\/www.davypara.com\/en\/wp-json\/wp\/v2\/media?parent=1003"}],"wp:term":[{"taxonomy":"product_brand","embeddable":true,"href":"https:\/\/www.davypara.com\/en\/wp-json\/wp\/v2\/product_brand?post=1003"},{"taxonomy":"product_cat","embeddable":true,"href":"https:\/\/www.davypara.com\/en\/wp-json\/wp\/v2\/product_cat?post=1003"},{"taxonomy":"product_tag","embeddable":true,"href":"https:\/\/www.davypara.com\/en\/wp-json\/wp\/v2\/product_tag?post=1003"}],"curies":[{"name":"wp","href":"https:\/\/api.w.org\/{rel}","templated":true}]}}