{"id":1001,"date":"2024-12-16T10:52:54","date_gmt":"2024-12-16T09:52:54","guid":{"rendered":"https:\/\/www.davypara.com\/?post_type=product&#038;p=1001"},"modified":"2026-01-14T18:35:56","modified_gmt":"2026-01-14T17:35:56","slug":"saut-en-tandem-avec-video","status":"publish","type":"product","link":"https:\/\/www.davypara.com\/en\/product\/saut-en-tandem-avec-video\/","title":{"rendered":"Tandem jump with video"},"content":{"rendered":"<p>Le <a href=\"https:\/\/www.davypara.com\/en\/saut-en-tandem\/\"><span style=\"color: #000080;\">saut tandem<\/span><\/a> est r\u00e9alis\u00e9 en biplace avec un moniteur \u00e0 4000 m\u00e8tres d\u2019altitude. les sauts sont organis\u00e9s sur l\u2019a\u00e9rodrome de Lasclaveries (64), \u00e0 20 kms au nord de Pau.<\/p>\n<p>1 minute of freefall and 5 to 6 minutes under canopy before a soft landing!<\/p>\n<p>Pour immortaliser ces moments exceptionnels et surtout pour les partager avec ses amis et sa famille : vous serez film\u00e9\u00a0 pendant la pr\u00e9paration du saut, la mont\u00e9e en avion, la chute libre et l\u2019atterrissage. Un montage vid\u00e9o\u00a0 vous sera envoy\u00e9 par mail ou remis par cl\u00e9 usb.<\/p>\n<p><strong>To offer a gift voucher, simply specify in the basket comments<\/strong>\u00a0Please include: the full name of the beneficiary, the names of those taking part in the gift and the address for sending you the voucher by email or post. We will send you the gift voucher as soon as we receive your payment.<\/p>\n<p>&nbsp;<\/p>","protected":false},"excerpt":{"rendered":"<p>Tandem baptism with video tracking<\/p>","protected":false},"featured_media":651,"template":"","meta":[],"product_brand":[],"product_cat":[25],"product_tag":[],"class_list":{"0":"post-1001","1":"product","2":"type-product","3":"status-publish","4":"has-post-thumbnail","6":"product_cat-tandem","8":"first","9":"instock","10":"taxable","11":"shipping-taxable","12":"purchasable","13":"product-type-simple"},"yoast_head":"<!-- This site is optimized with the Yoast SEO plugin v27.5 - https:\/\/yoast.com\/product\/yoast-seo-wordpress\/ -->\n<title>Saut en tandem avec vid\u00e9o - Davy Parachutisme<\/title>\n<meta name=\"robots\" content=\"index, follow, max-snippet:-1, max-image-preview:large, max-video-preview:-1\" \/>\n<link rel=\"canonical\" href=\"https:\/\/www.davypara.com\/en\/product\/saut-en-tandem-avec-video\/\" \/>\n<meta property=\"og:locale\" content=\"en_GB\" \/>\n<meta property=\"og:type\" content=\"article\" \/>\n<meta property=\"og:title\" content=\"Saut en tandem avec vid\u00e9o - Davy Parachutisme\" \/>\n<meta property=\"og:description\" content=\"Bapt\u00eame en tandem avec suivi vid\u00e9o\" \/>\n<meta property=\"og:url\" content=\"https:\/\/www.davypara.com\/en\/product\/saut-en-tandem-avec-video\/\" \/>\n<meta property=\"og:site_name\" content=\"Davy Parachutisme\" \/>\n<meta property=\"article:modified_time\" content=\"2026-01-14T17:35:56+00:00\" \/>\n<meta property=\"og:image\" content=\"https:\/\/www.davypara.com\/wp-content\/uploads\/2024\/12\/charles-2.jpg\" \/>\n\t<meta property=\"og:image:width\" content=\"1920\" \/>\n\t<meta property=\"og:image:height\" content=\"1080\" \/>\n\t<meta property=\"og:image:type\" content=\"image\/jpeg\" \/>\n<meta name=\"twitter:card\" content=\"summary_large_image\" \/>\n<meta name=\"twitter:label1\" content=\"Estimated reading time\" \/>\n\t<meta name=\"twitter:data1\" content=\"1 minute\" \/>\n<script type=\"application\/ld+json\" class=\"yoast-schema-graph\">{\"@context\":\"https:\\\/\\\/schema.org\",\"@graph\":[{\"@type\":\"WebPage\",\"@id\":\"https:\\\/\\\/www.davypara.com\\\/produit\\\/saut-en-tandem-avec-video\\\/\",\"url\":\"https:\\\/\\\/www.davypara.com\\\/produit\\\/saut-en-tandem-avec-video\\\/\",\"name\":\"Saut en tandem avec vid\u00e9o - Davy Parachutisme\",\"isPartOf\":{\"@id\":\"https:\\\/\\\/www.davypara.com\\\/#website\"},\"primaryImageOfPage\":{\"@id\":\"https:\\\/\\\/www.davypara.com\\\/produit\\\/saut-en-tandem-avec-video\\\/#primaryimage\"},\"image\":{\"@id\":\"https:\\\/\\\/www.davypara.com\\\/produit\\\/saut-en-tandem-avec-video\\\/#primaryimage\"},\"thumbnailUrl\":\"https:\\\/\\\/www.davypara.com\\\/wp-content\\\/uploads\\\/2024\\\/12\\\/charles-2.jpg\",\"datePublished\":\"2024-12-16T09:52:54+00:00\",\"dateModified\":\"2026-01-14T17:35:56+00:00\",\"breadcrumb\":{\"@id\":\"https:\\\/\\\/www.davypara.com\\\/produit\\\/saut-en-tandem-avec-video\\\/#breadcrumb\"},\"inLanguage\":\"en-GB\",\"potentialAction\":[{\"@type\":\"ReadAction\",\"target\":[\"https:\\\/\\\/www.davypara.com\\\/produit\\\/saut-en-tandem-avec-video\\\/\"]}]},{\"@type\":\"ImageObject\",\"inLanguage\":\"en-GB\",\"@id\":\"https:\\\/\\\/www.davypara.com\\\/produit\\\/saut-en-tandem-avec-video\\\/#primaryimage\",\"url\":\"https:\\\/\\\/www.davypara.com\\\/wp-content\\\/uploads\\\/2024\\\/12\\\/charles-2.jpg\",\"contentUrl\":\"https:\\\/\\\/www.davypara.com\\\/wp-content\\\/uploads\\\/2024\\\/12\\\/charles-2.jpg\",\"width\":1920,\"height\":1080},{\"@type\":\"BreadcrumbList\",\"@id\":\"https:\\\/\\\/www.davypara.com\\\/produit\\\/saut-en-tandem-avec-video\\\/#breadcrumb\",\"itemListElement\":[{\"@type\":\"ListItem\",\"position\":1,\"name\":\"Accueil\",\"item\":\"https:\\\/\\\/www.davypara.com\\\/\"},{\"@type\":\"ListItem\",\"position\":2,\"name\":\"Produits\",\"item\":\"https:\\\/\\\/www.davypara.com\\\/boutique\\\/\"},{\"@type\":\"ListItem\",\"position\":3,\"name\":\"Saut en tandem avec vid\u00e9o\"}]},{\"@type\":\"WebSite\",\"@id\":\"https:\\\/\\\/www.davypara.com\\\/#website\",\"url\":\"https:\\\/\\\/www.davypara.com\\\/\",\"name\":\"Davy Parachutisme\",\"description\":\"\u00c9cole de Parachutisme\",\"publisher\":{\"@id\":\"https:\\\/\\\/www.davypara.com\\\/#organization\"},\"potentialAction\":[{\"@type\":\"SearchAction\",\"target\":{\"@type\":\"EntryPoint\",\"urlTemplate\":\"https:\\\/\\\/www.davypara.com\\\/?s={search_term_string}\"},\"query-input\":{\"@type\":\"PropertyValueSpecification\",\"valueRequired\":true,\"valueName\":\"search_term_string\"}}],\"inLanguage\":\"en-GB\"},{\"@type\":\"Organization\",\"@id\":\"https:\\\/\\\/www.davypara.com\\\/#organization\",\"name\":\"Davy Parachutisme\",\"url\":\"https:\\\/\\\/www.davypara.com\\\/\",\"logo\":{\"@type\":\"ImageObject\",\"inLanguage\":\"en-GB\",\"@id\":\"https:\\\/\\\/www.davypara.com\\\/#\\\/schema\\\/logo\\\/image\\\/\",\"url\":\"https:\\\/\\\/www.davypara.com\\\/wp-content\\\/uploads\\\/2024\\\/11\\\/logo-orange.jpg\",\"contentUrl\":\"https:\\\/\\\/www.davypara.com\\\/wp-content\\\/uploads\\\/2024\\\/11\\\/logo-orange.jpg\",\"width\":600,\"height\":617,\"caption\":\"Davy Parachutisme\"},\"image\":{\"@id\":\"https:\\\/\\\/www.davypara.com\\\/#\\\/schema\\\/logo\\\/image\\\/\"}}]}<\/script>\n<!-- \/ Yoast SEO plugin. -->","yoast_head_json":{"title":"Saut en tandem avec vid\u00e9o - Davy Parachutisme","robots":{"index":"index","follow":"follow","max-snippet":"max-snippet:-1","max-image-preview":"max-image-preview:large","max-video-preview":"max-video-preview:-1"},"canonical":"https:\/\/www.davypara.com\/en\/product\/saut-en-tandem-avec-video\/","og_locale":"en_GB","og_type":"article","og_title":"Saut en tandem avec vid\u00e9o - Davy Parachutisme","og_description":"Bapt\u00eame en tandem avec suivi vid\u00e9o","og_url":"https:\/\/www.davypara.com\/en\/product\/saut-en-tandem-avec-video\/","og_site_name":"Davy Parachutisme","article_modified_time":"2026-01-14T17:35:56+00:00","og_image":[{"width":1920,"height":1080,"url":"https:\/\/www.davypara.com\/wp-content\/uploads\/2024\/12\/charles-2.jpg","type":"image\/jpeg"}],"twitter_card":"summary_large_image","twitter_misc":{"Estimated reading time":"1 minute"},"schema":{"@context":"https:\/\/schema.org","@graph":[{"@type":"WebPage","@id":"https:\/\/www.davypara.com\/produit\/saut-en-tandem-avec-video\/","url":"https:\/\/www.davypara.com\/produit\/saut-en-tandem-avec-video\/","name":"Saut en tandem avec vid\u00e9o - Davy Parachutisme","isPartOf":{"@id":"https:\/\/www.davypara.com\/#website"},"primaryImageOfPage":{"@id":"https:\/\/www.davypara.com\/produit\/saut-en-tandem-avec-video\/#primaryimage"},"image":{"@id":"https:\/\/www.davypara.com\/produit\/saut-en-tandem-avec-video\/#primaryimage"},"thumbnailUrl":"https:\/\/www.davypara.com\/wp-content\/uploads\/2024\/12\/charles-2.jpg","datePublished":"2024-12-16T09:52:54+00:00","dateModified":"2026-01-14T17:35:56+00:00","breadcrumb":{"@id":"https:\/\/www.davypara.com\/produit\/saut-en-tandem-avec-video\/#breadcrumb"},"inLanguage":"en-GB","potentialAction":[{"@type":"ReadAction","target":["https:\/\/www.davypara.com\/produit\/saut-en-tandem-avec-video\/"]}]},{"@type":"ImageObject","inLanguage":"en-GB","@id":"https:\/\/www.davypara.com\/produit\/saut-en-tandem-avec-video\/#primaryimage","url":"https:\/\/www.davypara.com\/wp-content\/uploads\/2024\/12\/charles-2.jpg","contentUrl":"https:\/\/www.davypara.com\/wp-content\/uploads\/2024\/12\/charles-2.jpg","width":1920,"height":1080},{"@type":"BreadcrumbList","@id":"https:\/\/www.davypara.com\/produit\/saut-en-tandem-avec-video\/#breadcrumb","itemListElement":[{"@type":"ListItem","position":1,"name":"Accueil","item":"https:\/\/www.davypara.com\/"},{"@type":"ListItem","position":2,"name":"Produits","item":"https:\/\/www.davypara.com\/boutique\/"},{"@type":"ListItem","position":3,"name":"Saut en tandem avec vid\u00e9o"}]},{"@type":"WebSite","@id":"https:\/\/www.davypara.com\/#website","url":"https:\/\/www.davypara.com\/","name":"Davy Parachutisme","description":"\u00c9cole de Parachutisme","publisher":{"@id":"https:\/\/www.davypara.com\/#organization"},"potentialAction":[{"@type":"SearchAction","target":{"@type":"EntryPoint","urlTemplate":"https:\/\/www.davypara.com\/?s={search_term_string}"},"query-input":{"@type":"PropertyValueSpecification","valueRequired":true,"valueName":"search_term_string"}}],"inLanguage":"en-GB"},{"@type":"Organization","@id":"https:\/\/www.davypara.com\/#organization","name":"Davy Parachutisme","url":"https:\/\/www.davypara.com\/","logo":{"@type":"ImageObject","inLanguage":"en-GB","@id":"https:\/\/www.davypara.com\/#\/schema\/logo\/image\/","url":"https:\/\/www.davypara.com\/wp-content\/uploads\/2024\/11\/logo-orange.jpg","contentUrl":"https:\/\/www.davypara.com\/wp-content\/uploads\/2024\/11\/logo-orange.jpg","width":600,"height":617,"caption":"Davy Parachutisme"},"image":{"@id":"https:\/\/www.davypara.com\/#\/schema\/logo\/image\/"}}]}},"jetpack_sharing_enabled":true,"_links":{"self":[{"href":"https:\/\/www.davypara.com\/en\/wp-json\/wp\/v2\/product\/1001","targetHints":{"allow":["GET"]}}],"collection":[{"href":"https:\/\/www.davypara.com\/en\/wp-json\/wp\/v2\/product"}],"about":[{"href":"https:\/\/www.davypara.com\/en\/wp-json\/wp\/v2\/types\/product"}],"wp:featuredmedia":[{"embeddable":true,"href":"https:\/\/www.davypara.com\/en\/wp-json\/wp\/v2\/media\/651"}],"wp:attachment":[{"href":"https:\/\/www.davypara.com\/en\/wp-json\/wp\/v2\/media?parent=1001"}],"wp:term":[{"taxonomy":"product_brand","embeddable":true,"href":"https:\/\/www.davypara.com\/en\/wp-json\/wp\/v2\/product_brand?post=1001"},{"taxonomy":"product_cat","embeddable":true,"href":"https:\/\/www.davypara.com\/en\/wp-json\/wp\/v2\/product_cat?post=1001"},{"taxonomy":"product_tag","embeddable":true,"href":"https:\/\/www.davypara.com\/en\/wp-json\/wp\/v2\/product_tag?post=1001"}],"curies":[{"name":"wp","href":"https:\/\/api.w.org\/{rel}","templated":true}]}}